{"id":27,"date":"2012-10-03T20:17:56","date_gmt":"2012-10-03T20:17:56","guid":{"rendered":"http:\/\/www.citrusalert.com\/?page_id=27"},"modified":"2022-09-29T12:07:57","modified_gmt":"2022-09-29T17:07:57","slug":"links-resources","status":"publish","type":"page","link":"https:\/\/www.citrusalert.com\/es\/links-resources\/","title":{"rendered":"Enlaces y recursos"},"content":{"rendered":"<p><\/p>\n<h2>Sitios web generales sobre el enverdecimiento de los c\u00edtricos<\/h2>\n<p><a title=\"Save Our Citrus\" href=\"http:\/\/www.saveourcitrus.org\" target=\"_blank\" rel=\"noopener\">Salve los c\u00edtricos (Save Our Citrus)<\/a><br \/>\n<a title=\"Hungry Pests\" href=\"http:\/\/www.hungrypests.com\/\" target=\"_blank\" rel=\"noopener\">Plagas hambrientas (Hungry Pests)<\/a><br \/>\n<a title=\"California Citrus Threat\" href=\"http:\/\/www.californiacitrusthreat.org\/\" target=\"_blank\" rel=\"noopener\">Una enfermedad mortal amenaza los c\u00edtricos de California (California Citrus Threat<\/a>)<br \/>\n<a title=\"Florida Citrus Greening disease\" href=\"http:\/\/www.freshfromflorida.com\/pi\/chrp\/greening\/citrusgreening.html\" target=\"_blank\" rel=\"noopener\">Florida: Huanglongbing (HLB)\/Enfermedad del enverdecimiento de los c\u00edtricos<\/a><br \/>\n<a title=\"\" href=\"http:\/\/amarillo.tamu.edu\/amarillo-center-programs\/extension-plant-pathology\/citrus-publications\/http:\/\/\" target=\"_blank\" rel=\"noopener\">\u201cSitio web de patolog\u00eda de la extensi\u00f3n de Ronald French\u201d C\u00cdTRICOS ENFERMOS<\/a><\/p>\n<h2>Universidad de Texas A&amp;M<\/h2>\n<p><a title=\"Texas A&amp;M University Kingsville CItrus Center\" href=\"https:\/\/weslaco.tamu.edu\/\" target=\"_blank\" rel=\"noopener\">Centro de C\u00edtricos de Kingsville de la Universidad de Texas A&amp;M \u2013 Weslaco, Texas<\/a><br \/>\n<a title=\"Texas Plant Disease Diagnostic Laboratory\" href=\"http:\/\/plantclinic.tamu.edu\/\" target=\"_blank\" rel=\"noopener\">Laboratorio de Diagn\u00f3stico de Enfermedades de las Plantas de Texas<\/a><br \/>\n<a title=\"Texas AgrilLIFE Research at Weslaco\" href=\"http:\/\/weslaco.tamu.edu\/\" target=\"_blank\" rel=\"noopener\">Texas AgriLIFE Research en Weslaco<\/a><br \/>\n<a title=\"Texas A&amp;M University Department of Entomology\" href=\"https:\/\/entomology.tamu.edu\/\" target=\"_blank\" rel=\"noopener\">Universidad de Texas A&amp;M \u2013 Departamento de Entomolog\u00eda<\/a><br \/>\n<a title=\"Texas A&amp;M University - Department of Plant Pathology\" href=\"http:\/\/plantpathology.tamu.edu\/http:\/\/\" target=\"_blank\" rel=\"noopener\">Universidad de Texas A&amp;M \u2013 Departamento de Fitopatolog\u00eda<\/a><br \/>\n<a title=\"Aggie Horticulture - Texas Citrus\" href=\"http:\/\/aggie-horticulture.tamu.edu\/citrus\/\" target=\"_blank\" rel=\"noopener\">Aggie Horticulture \u2013 Texas Citrus<\/a><br \/>\n<a title=\"Master Gardener\" href=\"http:\/\/mastergardener.tamu.edu\/\" target=\"_blank\" rel=\"noopener\">Jardinero Maestro<\/a><\/p>\n<h2>Departamentos estatales de agricultura<\/h2>\n<p><a title=\"Texas Department of Agriculture\" href=\"http:\/\/texasagriculture.gov\/\" target=\"_blank\" rel=\"noopener\">Departamento de Agricultura de Texas<\/a><br \/>\n<a title=\"California Department of Food and Agriculture\" href=\"http:\/\/www.cdfa.ca.gov\/\" target=\"_blank\" rel=\"noopener\">Departamento de Alimentos y Agricultura de California<\/a><br \/>\n<a title=\"Florida Division of Plant Industry\" href=\"http:\/\/www.freshfromflorida.com\/pi\/\" target=\"_blank\" rel=\"noopener\">Divisi\u00f3n de Industria de las Plantas de Florida<\/a><\/p>\n<h2>USDA<\/h2>\n<p><a title=\"Kika de la Garza Subtropical Agricultural Research Center, Weslaco, Texas\" href=\"http:\/\/www.ars.usda.gov\/main\/site_main.htm?modecode=62-04-00-00\" target=\"_blank\" rel=\"noopener\">Centro de Investigaci\u00f3n de Agricultura Subtropical Kika de la Garza, Weslaco, Texas<\/a><br \/>\n<a title=\"USDA - APHIS - Plant Health, Plant Protection and Quarantine\" href=\"http:\/\/www.aphis.usda.gov\/plant_health\/cphst\/index.shtml\" target=\"_blank\" rel=\"noopener\">USDA \u2013 APHIS \u2013 Sanidad vegetal, protecci\u00f3n vegetal y cuarentena<\/a><br \/>\n<a title=\"USDA - APHIS - Citrus Greening\" href=\"http:\/\/www.aphis.usda.gov\/plant_health\/plant_pest_info\/citrus_greening\/index.shtml\" target=\"_blank\" rel=\"noopener\">USDA \u2013 APHIS \u2013 Enverdecimiento de los c\u00edtricos<\/a><\/p>","protected":false},"excerpt":{"rendered":"<p>Sitios web generales sobre el enverdecimiento de los c\u00edtricos Salve los c\u00edtricos (Save Our Citrus) Plagas hambrientas (Hungry Pests) Una enfermedad mortal amenaza los c\u00edtricos de California (California Citrus Threat) Florida: Huanglongbing (HLB)\/Enfermedad del enverdecimiento de los c\u00edtricos \u201cSitio web de patolog\u00eda de la extensi\u00f3n de Ronald French\u201d C\u00cdTRICOS ENFERMOS Universidad de Texas A&amp;M Centro [&hellip;]<\/p>\n","protected":false},"author":1,"featured_media":0,"parent":0,"menu_order":4,"comment_status":"open","ping_status":"open","template":"","meta":{"footnotes":""},"class_list":["post-27","page","type-page","status-publish","hentry"],"_links":{"self":[{"href":"https:\/\/www.citrusalert.com\/es\/wp-json\/wp\/v2\/pages\/27","targetHints":{"allow":["GET"]}}],"collection":[{"href":"https:\/\/www.citrusalert.com\/es\/wp-json\/wp\/v2\/pages"}],"about":[{"href":"https:\/\/www.citrusalert.com\/es\/wp-json\/wp\/v2\/types\/page"}],"author":[{"embeddable":true,"href":"https:\/\/www.citrusalert.com\/es\/wp-json\/wp\/v2\/users\/1"}],"replies":[{"embeddable":true,"href":"https:\/\/www.citrusalert.com\/es\/wp-json\/wp\/v2\/comments?post=27"}],"version-history":[{"count":0,"href":"https:\/\/www.citrusalert.com\/es\/wp-json\/wp\/v2\/pages\/27\/revisions"}],"wp:attachment":[{"href":"https:\/\/www.citrusalert.com\/es\/wp-json\/wp\/v2\/media?parent=27"}],"curies":[{"name":"wp","href":"https:\/\/api.w.org\/{rel}","templated":true}]}}