{"id":28,"date":"2012-10-03T20:17:56","date_gmt":"2012-10-03T20:17:56","guid":{"rendered":"http:\/\/www.citrusalert.com\/?page_id=28"},"modified":"2020-07-06T14:42:14","modified_gmt":"2020-07-06T19:42:14","slug":"report-a-tree","status":"publish","type":"page","link":"https:\/\/www.citrusalert.com\/es\/report-a-tree\/","title":{"rendered":"Reporte un \u00e1rbol"},"content":{"rendered":"<p><\/p>\n<h2>\u00bfEst\u00e1n enfermos sus c\u00edtricos?<\/h2>\n<p>Gracias por utilizar nuestro formulario \u201cRep\u00f3rtelo\u201d. Para detener la propagaci\u00f3n del enverdecimiento de los c\u00edtricos, dependemos de usted para que nos informe sobre los signos de esta enfermedad. La lista de s\u00edntomas y las fotos correspondientes que aparecen a continuaci\u00f3n le ayudar\u00e1n a identificar los s\u00edntomas principales de una planta infectada por el enverdecimiento de los c\u00edtricos. Si cree que ha identificado una planta infectada, rep\u00f3rtela de inmediato. S\u00f3lo tiene que llenar el siguiente formulario,\u00a0<a href=\"http:\/\/www.saveourcitrus.org\/index.php\/soc-iphone-app\" target=\"_blank\" rel=\"noopener noreferrer\">descargar la aplicaci\u00f3n para el iPhone<\/a>\u00a0o llamar a\u00a0<a href=\"http:\/\/hidalgo.agrilife.org\/contact-2\/\" target=\"_blank\" rel=\"noopener noreferrer\">la oficina de la extensi\u00f3n AgriLife de Texas A&amp;M<\/a>. No traslade la planta para evitar la propagaci\u00f3n de la enfermedad.<\/p>\n<div id=\"wufoo-w16guq96129oc67\">Fill out my <a href=\"https:\/\/texasweet.wufoo.com\/forms\/w16guq96129oc67\">online form<\/a>.<\/div>\n<p><script type=\"text\/javascript\">\/\/ <![CDATA[\nvar w16guq96129oc67;(function(d, t) { var s = d.createElement(t), options = { 'userName':'texasweet', 'formHash':'w16guq96129oc67', 'autoResize':true, 'height':'2174', 'async':true, 'host':'wufoo.com', 'header':'show', 'ssl':true}; s.src = ('https:' == d.location.protocol ? 'https:\/\/' : 'http:\/\/') + 'www.wufoo.com\/scripts\/embed\/form.js'; s.onload = s.onreadystatechange = function() { var rs = this.readyState; if (rs) if (rs != 'complete') if (rs != 'loaded') return; try { w16guq96129oc67 = new WufooForm();w16guq96129oc67.initialize(options);w16guq96129oc67.display(); } catch (e) {}}; var scr = d.getElementsByTagName(t)[0], par = scr.parentNode; par.insertBefore(s, scr); })(document, 'script');\n\/\/ ]]><\/script><\/p>","protected":false},"excerpt":{"rendered":"<p>\u00bfEst\u00e1n enfermos sus c\u00edtricos? Gracias por utilizar nuestro formulario \u201cRep\u00f3rtelo\u201d. Para detener la propagaci\u00f3n del enverdecimiento de los c\u00edtricos, dependemos de usted para que nos informe sobre los signos de esta enfermedad. La lista de s\u00edntomas y las fotos correspondientes que aparecen a continuaci\u00f3n le ayudar\u00e1n a identificar los s\u00edntomas principales de una planta infectada [&hellip;]<\/p>\n","protected":false},"author":1,"featured_media":0,"parent":0,"menu_order":5,"comment_status":"open","ping_status":"open","template":"","meta":{"footnotes":""},"class_list":["post-28","page","type-page","status-publish","hentry"],"_links":{"self":[{"href":"https:\/\/www.citrusalert.com\/es\/wp-json\/wp\/v2\/pages\/28","targetHints":{"allow":["GET"]}}],"collection":[{"href":"https:\/\/www.citrusalert.com\/es\/wp-json\/wp\/v2\/pages"}],"about":[{"href":"https:\/\/www.citrusalert.com\/es\/wp-json\/wp\/v2\/types\/page"}],"author":[{"embeddable":true,"href":"https:\/\/www.citrusalert.com\/es\/wp-json\/wp\/v2\/users\/1"}],"replies":[{"embeddable":true,"href":"https:\/\/www.citrusalert.com\/es\/wp-json\/wp\/v2\/comments?post=28"}],"version-history":[{"count":0,"href":"https:\/\/www.citrusalert.com\/es\/wp-json\/wp\/v2\/pages\/28\/revisions"}],"wp:attachment":[{"href":"https:\/\/www.citrusalert.com\/es\/wp-json\/wp\/v2\/media?parent=28"}],"curies":[{"name":"wp","href":"https:\/\/api.w.org\/{rel}","templated":true}]}}